{"id":270,"date":"2020-07-29T10:20:29","date_gmt":"2020-07-29T10:20:29","guid":{"rendered":"https:\/\/inovaa.nl\/?page_id=270"},"modified":"2026-02-09T15:08:15","modified_gmt":"2026-02-09T15:08:15","slug":"our-story","status":"publish","type":"page","link":"https:\/\/inovaa.eu\/fr\/our-story\/","title":{"rendered":"Notre histoire"},"content":{"rendered":"\t\t<div data-elementor-type=\"wp-post\" data-elementor-id=\"270\" class=\"elementor elementor-270\" data-elementor-post-type=\"page\">\n\t\t\t\t\t\t<section class=\"elementor-section elementor-top-section elementor-element elementor-element-6ddb601 elementor-section-content-middle elementor-section-boxed elementor-section-height-default elementor-section-height-default\" data-id=\"6ddb601\" data-element_type=\"section\" data-e-type=\"section\" data-settings=\"{&quot;background_background&quot;:&quot;classic&quot;}\">\n\t\t\t\t\t\t\t<div class=\"elementor-background-overlay\"><\/div>\n\t\t\t\t\t\t\t<div class=\"elementor-container elementor-column-gap-no\">\n\t\t\t\t\t<div class=\"elementor-column elementor-col-100 elementor-top-column elementor-element elementor-element-be663fc\" data-id=\"be663fc\" data-element_type=\"column\" data-e-type=\"column\">\n\t\t\t<div class=\"elementor-widget-wrap elementor-element-populated\">\n\t\t\t\t\t\t<div class=\"elementor-element elementor-element-d618ce0 elementor-invisible elementor-widget elementor-widget-heading\" data-id=\"d618ce0\" data-element_type=\"widget\" data-e-type=\"widget\" data-settings=\"{&quot;_animation&quot;:&quot;fadeIn&quot;}\" data-widget_type=\"heading.default\">\n\t\t\t\t<div class=\"elementor-widget-container\">\n\t\t\t\t\t<h1 class=\"elementor-heading-title elementor-size-default\">Notre histoire<\/h1>\t\t\t\t<\/div>\n\t\t\t\t<\/div>\n\t\t\t\t\t<\/div>\n\t\t<\/div>\n\t\t\t\t\t<\/div>\n\t\t<\/section>\n\t\t\t\t<section class=\"elementor-section elementor-top-section elementor-element elementor-element-20ed813 elementor-section-content-middle elementor-section-boxed elementor-section-height-default elementor-section-height-default\" data-id=\"20ed813\" data-element_type=\"section\" data-e-type=\"section\">\n\t\t\t\t\t\t<div class=\"elementor-container elementor-column-gap-no\">\n\t\t\t\t\t<div class=\"elementor-column elementor-col-50 elementor-top-column elementor-element elementor-element-6239cea5\" data-id=\"6239cea5\" data-element_type=\"column\" data-e-type=\"column\">\n\t\t\t<div class=\"elementor-widget-wrap elementor-element-populated\">\n\t\t\t\t\t\t<div class=\"elementor-element elementor-element-4fff78ae elementor-testimonial--layout-image_above elementor-testimonial--skin-default elementor-testimonial--align-center elementor-arrows-yes elementor-pagination-type-bullets elementor-widget elementor-widget-testimonial-carousel\" data-id=\"4fff78ae\" data-element_type=\"widget\" data-e-type=\"widget\" data-settings=\"{&quot;space_between&quot;:{&quot;unit&quot;:&quot;px&quot;,&quot;size&quot;:0,&quot;sizes&quot;:[]},&quot;show_arrows&quot;:&quot;yes&quot;,&quot;pagination&quot;:&quot;bullets&quot;,&quot;speed&quot;:500,&quot;autoplay&quot;:&quot;yes&quot;,&quot;autoplay_speed&quot;:5000,&quot;loop&quot;:&quot;yes&quot;,&quot;pause_on_hover&quot;:&quot;yes&quot;,&quot;pause_on_interaction&quot;:&quot;yes&quot;,&quot;space_between_tablet&quot;:{&quot;unit&quot;:&quot;px&quot;,&quot;size&quot;:10,&quot;sizes&quot;:[]},&quot;space_between_mobile&quot;:{&quot;unit&quot;:&quot;px&quot;,&quot;size&quot;:10,&quot;sizes&quot;:[]}}\" data-widget_type=\"testimonial-carousel.default\">\n\t\t\t\t<div class=\"elementor-widget-container\">\n\t\t\t\t\t\t\t\t\t<div class=\"elementor-swiper\">\n\t\t\t\t\t<div class=\"elementor-main-swiper swiper\" role=\"region\" aria-roledescription=\"carousel\" aria-label=\"Diapositives\">\n\t\t\t\t<div class=\"swiper-wrapper\">\n\t\t\t\t\t\t\t\t\t\t\t<div class=\"swiper-slide\" role=\"group\" aria-roledescription=\"slide\">\n\t\t\t\t\t\t\t\t\t<div class=\"elementor-testimonial\">\n\t\t\t\t\t\t\t<div class=\"elementor-testimonial__content\">\n\t\t\t\t\t<div class=\"elementor-testimonial__text\">\n\t\t\t\t\t\tMarnix est en charge du d\u00e9veloppement logiciel et a travaill\u00e9 sur de grands projets dans diverses entreprises. Il entre en contact avec le secteur agricole et y voit de nombreuses opportunit\u00e9s pour am\u00e9liorer le classement des pommes de terre \u00e0 l'aide de logiciels innovants et de m\u00e9caniques performantes. Avec Inovaa, il veut aider les agriculteurs \u00e0 trier leurs pommes de terre de mani\u00e8re optimale.\t\t\t\t\t<\/div>\n\t\t\t\t\t<cite class=\"elementor-testimonial__cite\"><span class=\"elementor-testimonial__name\">Marnix Hamstra<\/span><span class=\"elementor-testimonial__title\">Software<\/span><\/cite>\t\t\t\t<\/div>\n\t\t\t\t\t\t<div class=\"elementor-testimonial__footer\">\n\t\t\t\t\t\t\t\t\t<div class=\"elementor-testimonial__image\">\n\t\t\t\t\t\t<img decoding=\"async\" src=\"https:\/\/inovaa.eu\/fr\/wp-content\/uploads\/sites\/4\/2020\/07\/Marnix.jpg\" alt=\"Marnix Hamstra\">\n\t\t\t\t\t\t\t\t\t\t\t<\/div>\n\t\t\t\t\t\t\t\t\t\t\t<\/div>\n\t\t<\/div>\n\t\t\t\t\t\t\t\t<\/div>\n\t\t\t\t\t\t\t\t\t<\/div>\n\t\t\t\t\t\t\t<\/div>\n\t\t\t\t<\/div>\n\t\t\t\t\t\t\t\t<\/div>\n\t\t\t\t<\/div>\n\t\t\t\t\t<\/div>\n\t\t<\/div>\n\t\t\t\t<div class=\"elementor-column elementor-col-50 elementor-top-column elementor-element elementor-element-249e3fb5\" data-id=\"249e3fb5\" data-element_type=\"column\" data-e-type=\"column\">\n\t\t\t<div class=\"elementor-widget-wrap elementor-element-populated\">\n\t\t\t\t\t\t<div class=\"elementor-element elementor-element-76cd4599 elementor-testimonial--layout-image_above elementor-testimonial--skin-default elementor-testimonial--align-center elementor-arrows-yes elementor-pagination-type-bullets elementor-widget elementor-widget-testimonial-carousel\" data-id=\"76cd4599\" data-element_type=\"widget\" data-e-type=\"widget\" data-settings=\"{&quot;space_between&quot;:{&quot;unit&quot;:&quot;px&quot;,&quot;size&quot;:0,&quot;sizes&quot;:[]},&quot;show_arrows&quot;:&quot;yes&quot;,&quot;pagination&quot;:&quot;bullets&quot;,&quot;speed&quot;:500,&quot;autoplay&quot;:&quot;yes&quot;,&quot;autoplay_speed&quot;:5000,&quot;loop&quot;:&quot;yes&quot;,&quot;pause_on_hover&quot;:&quot;yes&quot;,&quot;pause_on_interaction&quot;:&quot;yes&quot;,&quot;space_between_tablet&quot;:{&quot;unit&quot;:&quot;px&quot;,&quot;size&quot;:10,&quot;sizes&quot;:[]},&quot;space_between_mobile&quot;:{&quot;unit&quot;:&quot;px&quot;,&quot;size&quot;:10,&quot;sizes&quot;:[]}}\" data-widget_type=\"testimonial-carousel.default\">\n\t\t\t\t<div class=\"elementor-widget-container\">\n\t\t\t\t\t\t\t\t\t<div class=\"elementor-swiper\">\n\t\t\t\t\t<div class=\"elementor-main-swiper swiper\" role=\"region\" aria-roledescription=\"carousel\" aria-label=\"Diapositives\">\n\t\t\t\t<div class=\"swiper-wrapper\">\n\t\t\t\t\t\t\t\t\t\t\t<div class=\"swiper-slide\" role=\"group\" aria-roledescription=\"slide\">\n\t\t\t\t\t\t\t\t\t<div class=\"elementor-testimonial\">\n\t\t\t\t\t\t\t<div class=\"elementor-testimonial__content\">\n\t\t\t\t\t<div class=\"elementor-testimonial__text\">\n\t\t\t\t\t\tBas a travaill\u00e9 pendant de nombreuses ann\u00e9es sur le d\u00e9veloppement de diverses machines dans le secteur agricole partout dans le monde. Il est maintenant heureux d'utiliser ses connaissances pour travailler avec des partenaires afin de proposer la meilleure solution de tri de pommes de terre, enti\u00e8rement automatique et utilisant les derni\u00e8res techniques. Il est \u00e9galement responsable de la gestion des comptes et des projets au sein d'Inovaa\t\t\t\t\t<\/div>\n\t\t\t\t\t<cite class=\"elementor-testimonial__cite\"><span class=\"elementor-testimonial__name\">Bas Pomstra<\/span><span class=\"elementor-testimonial__title\">Account and projectmanagement<\/span><\/cite>\t\t\t\t<\/div>\n\t\t\t\t\t\t<div class=\"elementor-testimonial__footer\">\n\t\t\t\t\t\t\t\t\t<div class=\"elementor-testimonial__image\">\n\t\t\t\t\t\t<img decoding=\"async\" src=\"https:\/\/inovaa.eu\/fr\/wp-content\/uploads\/sites\/4\/2022\/04\/Bas.jpg\" alt=\"Bas Pomstra\">\n\t\t\t\t\t\t\t\t\t\t\t<\/div>\n\t\t\t\t\t\t\t\t\t\t\t<\/div>\n\t\t<\/div>\n\t\t\t\t\t\t\t\t<\/div>\n\t\t\t\t\t\t\t\t\t<\/div>\n\t\t\t\t\t\t\t<\/div>\n\t\t\t\t<\/div>\n\t\t\t\t\t\t\t\t<\/div>\n\t\t\t\t<\/div>\n\t\t\t\t\t<\/div>\n\t\t<\/div>\n\t\t\t\t\t<\/div>\n\t\t<\/section>\n\t\t\t\t<section class=\"elementor-section elementor-top-section elementor-element elementor-element-acfd4eb elementor-section-full_width elementor-section-height-default elementor-section-height-default\" data-id=\"acfd4eb\" data-element_type=\"section\" data-e-type=\"section\">\n\t\t\t\t\t\t<div class=\"elementor-container elementor-column-gap-default\">\n\t\t\t\t\t<div class=\"elementor-column elementor-col-50 elementor-top-column elementor-element elementor-element-83fb9b7\" data-id=\"83fb9b7\" data-element_type=\"column\" data-e-type=\"column\" data-settings=\"{&quot;background_background&quot;:&quot;classic&quot;}\">\n\t\t\t<div class=\"elementor-widget-wrap elementor-element-populated\">\n\t\t\t\t\t<div class=\"elementor-background-overlay\"><\/div>\n\t\t\t\t\t\t<div class=\"elementor-element elementor-element-daf623e elementor-widget elementor-widget-heading\" data-id=\"daf623e\" data-element_type=\"widget\" data-e-type=\"widget\" data-widget_type=\"heading.default\">\n\t\t\t\t<div class=\"elementor-widget-container\">\n\t\t\t\t\t<h4 class=\"elementor-heading-title elementor-size-default\">Ravi de vous rencontrer! <br>C'est nous...<\/h4>\t\t\t\t<\/div>\n\t\t\t\t<\/div>\n\t\t\t\t\t<\/div>\n\t\t<\/div>\n\t\t\t\t<div class=\"elementor-column elementor-col-50 elementor-top-column elementor-element elementor-element-95060f9\" data-id=\"95060f9\" data-element_type=\"column\" data-e-type=\"column\">\n\t\t\t<div class=\"elementor-widget-wrap elementor-element-populated\">\n\t\t\t\t\t\t<div class=\"elementor-element elementor-element-a88f1bc elementor-widget elementor-widget-text-editor\" data-id=\"a88f1bc\" data-element_type=\"widget\" data-e-type=\"widget\" data-widget_type=\"text-editor.default\">\n\t\t\t\t<div class=\"elementor-widget-container\">\n\t\t\t\t\t\t\t\t\t<div><div>Nous avons \u00e9t\u00e9 dans le secteur agricole toute notre vie et le connaissons de l&rsquo;int\u00e9rieur comme de l&rsquo;ext\u00e9rieur. Nous avons vu diff\u00e9rentes machines, optimisations et techniques aller et venir.<\/div><div>\u00a0<\/div><div>Mais nous avons \u00e9galement vu des opportunit\u00e9s qui n&rsquo;\u00e9taient pas exploit\u00e9es. Ces techniques innovantes n&rsquo;\u00e9taient pas encore entr\u00e9es dans le secteur agricole, alors qu&rsquo;elles peuvent signifier beaucoup plus pour am\u00e9liorer le classement et la transformation.<\/div><div>\u00a0<\/div><div>Il y a un autre moyen, avons-nous pens\u00e9. Et c&rsquo;est pourquoi, en 2019, nous avons commenc\u00e9 \u00e0 travailler sur une calibreuse optique pour pommes de terre non lav\u00e9es. Apr\u00e8s divers tests et d\u00e9veloppements, la machine \u00e9tait pr\u00eate pour une utilisation en production. Depuis lors, la machine que nous avons transform\u00e9e en U-Vision aide divers agriculteurs des Pays-Bas \u00e0 trier leurs pommes de terre tout en conservant leur taille et leur qualit\u00e9.<\/div><div>\u00a0<\/div><div>Nous utilisons SigmaTek pour les commandes PLC. Lorsque plus de puissance de calcul est n\u00e9cessaire pour un syst\u00e8me de cam\u00e9ra, par exemple, nous utiliserons un PC industriel.<\/div><\/div>\t\t\t\t\t\t\t\t<\/div>\n\t\t\t\t<\/div>\n\t\t\t\t\t<\/div>\n\t\t<\/div>\n\t\t\t\t\t<\/div>\n\t\t<\/section>\n\t\t\t\t<section class=\"elementor-section elementor-top-section elementor-element elementor-element-b895168 elementor-section-content-middle elementor-section-boxed elementor-section-height-default elementor-section-height-default\" data-id=\"b895168\" data-element_type=\"section\" data-e-type=\"section\" data-settings=\"{&quot;background_background&quot;:&quot;classic&quot;}\">\n\t\t\t\t\t\t\t<div class=\"elementor-background-overlay\"><\/div>\n\t\t\t\t\t\t\t<div class=\"elementor-container elementor-column-gap-no\">\n\t\t\t\t\t<div class=\"elementor-column elementor-col-100 elementor-top-column elementor-element elementor-element-f8c7b1d\" data-id=\"f8c7b1d\" data-element_type=\"column\" data-e-type=\"column\">\n\t\t\t<div class=\"elementor-widget-wrap elementor-element-populated\">\n\t\t\t\t\t\t<div class=\"elementor-element elementor-element-50e24a2 elementor-widget elementor-widget-heading\" data-id=\"50e24a2\" data-element_type=\"widget\" data-e-type=\"widget\" data-widget_type=\"heading.default\">\n\t\t\t\t<div class=\"elementor-widget-container\">\n\t\t\t\t\t<h4 class=\"elementor-heading-title elementor-size-default\">Il est temps pour un rendez-vous?<\/h4>\t\t\t\t<\/div>\n\t\t\t\t<\/div>\n\t\t\t\t<div class=\"elementor-element elementor-element-10a3f37 elementor-widget elementor-widget-heading\" data-id=\"10a3f37\" data-element_type=\"widget\" data-e-type=\"widget\" data-widget_type=\"heading.default\">\n\t\t\t\t<div class=\"elementor-widget-container\">\n\t\t\t\t\t<h5 class=\"elementor-heading-title elementor-size-default\">Vous \u00eates toujours les bienvenus pour une tasse de caf\u00e9 et une d\u00e9monstration \u00e0 l'une de nos configurations de test!<\/h5>\t\t\t\t<\/div>\n\t\t\t\t<\/div>\n\t\t\t\t<div class=\"elementor-element elementor-element-aa546bd elementor-align-center elementor-mobile-align-justify elementor-widget elementor-widget-button\" data-id=\"aa546bd\" data-element_type=\"widget\" data-e-type=\"widget\" data-widget_type=\"button.default\">\n\t\t\t\t<div class=\"elementor-widget-container\">\n\t\t\t\t\t\t\t\t\t<div class=\"elementor-button-wrapper\">\n\t\t\t\t\t<a class=\"elementor-button elementor-button-link elementor-size-sm elementor-animation-grow\" href=\"\/contact\">\n\t\t\t\t\t\t<span class=\"elementor-button-content-wrapper\">\n\t\t\t\t\t\t\t\t\t<span class=\"elementor-button-text\">PRENDRE RENDEZ-VOUS<\/span>\n\t\t\t\t\t<\/span>\n\t\t\t\t\t<\/a>\n\t\t\t\t<\/div>\n\t\t\t\t\t\t\t\t<\/div>\n\t\t\t\t<\/div>\n\t\t\t\t\t<\/div>\n\t\t<\/div>\n\t\t\t\t\t<\/div>\n\t\t<\/section>\n\t\t\t\t<\/div>\n\t\t","protected":false},"excerpt":{"rendered":"<p>Marnix est en charge du d\u00e9veloppement logiciel et a travaill\u00e9 sur de grands projets dans diverses entreprises. Il entre en contact avec le secteur agricole et y voit de nombreuses opportunit\u00e9s pour am\u00e9liorer le classement des pommes de terre \u00e0 l&rsquo;aide de logiciels innovants et de m\u00e9caniques performantes. Avec Inovaa, il veut aider les agriculteurs [&hellip;]<\/p>\n","protected":false},"author":2,"featured_media":0,"parent":0,"menu_order":0,"comment_status":"closed","ping_status":"closed","template":"","meta":{"editor_notices":[],"footnotes":""},"class_list":["post-270","page","type-page","status-publish","hentry"],"yoast_head":"<!-- This site is optimized with the Yoast SEO Premium plugin v27.2 (Yoast SEO v27.2) - https:\/\/yoast.com\/product\/yoast-seo-premium-wordpress\/ -->\n<title>Notre histoire - Inovaa<\/title>\n<meta name=\"description\" content=\"Samen met Uniekum en Wevano ontwikkelden we de optische sorteermachine voor pootaardappelen. De machine helpt tientallen boeren om hun pootgoed te sorteren.\" \/>\n<meta name=\"robots\" content=\"index, follow, max-snippet:-1, max-image-preview:large, max-video-preview:-1\" \/>\n<link rel=\"canonical\" href=\"https:\/\/inovaa.eu\/fr\/our-story\/\" \/>\n<meta property=\"og:locale\" content=\"fr_FR\" \/>\n<meta property=\"og:type\" content=\"article\" \/>\n<meta property=\"og:title\" content=\"Notre histoire\" \/>\n<meta property=\"og:description\" content=\"Samen met Uniekum en Wevano ontwikkelden we de optische sorteermachine voor pootaardappelen. De machine helpt tientallen boeren om hun pootgoed te sorteren.\" \/>\n<meta property=\"og:url\" content=\"https:\/\/inovaa.eu\/fr\/our-story\/\" \/>\n<meta property=\"og:site_name\" content=\"Inovaa\" \/>\n<meta property=\"article:modified_time\" content=\"2026-02-09T15:08:15+00:00\" \/>\n<meta property=\"og:image\" content=\"https:\/\/inovaa.eu\/fr\/wp-content\/uploads\/sites\/4\/2020\/07\/Marnix.jpg\" \/>\n<meta name=\"twitter:card\" content=\"summary_large_image\" \/>\n<meta name=\"twitter:label1\" content=\"Dur\u00e9e de lecture estim\u00e9e\" \/>\n\t<meta name=\"twitter:data1\" content=\"2 minutes\" \/>\n<script type=\"application\/ld+json\" class=\"yoast-schema-graph\">{\"@context\":\"https:\/\/schema.org\",\"@graph\":[{\"@type\":\"WebPage\",\"@id\":\"https:\/\/inovaa.eu\/fr\/our-story\/\",\"url\":\"https:\/\/inovaa.eu\/fr\/our-story\/\",\"name\":\"Notre histoire - Inovaa\",\"isPartOf\":{\"@id\":\"https:\/\/inovaa.eu\/fr\/#website\"},\"primaryImageOfPage\":{\"@id\":\"https:\/\/inovaa.eu\/fr\/our-story\/#primaryimage\"},\"image\":{\"@id\":\"https:\/\/inovaa.eu\/fr\/our-story\/#primaryimage\"},\"thumbnailUrl\":\"https:\/\/inovaa.eu\/fr\/wp-content\/uploads\/sites\/4\/2020\/07\/Marnix.jpg\",\"datePublished\":\"2020-07-29T10:20:29+00:00\",\"dateModified\":\"2026-02-09T15:08:15+00:00\",\"description\":\"Samen met Uniekum en Wevano ontwikkelden we de optische sorteermachine voor pootaardappelen. De machine helpt tientallen boeren om hun pootgoed te sorteren.\",\"breadcrumb\":{\"@id\":\"https:\/\/inovaa.eu\/fr\/our-story\/#breadcrumb\"},\"inLanguage\":\"fr-FR\",\"potentialAction\":[{\"@type\":\"ReadAction\",\"target\":[\"https:\/\/inovaa.eu\/fr\/our-story\/\"]}]},{\"@type\":\"ImageObject\",\"inLanguage\":\"fr-FR\",\"@id\":\"https:\/\/inovaa.eu\/fr\/our-story\/#primaryimage\",\"url\":\"https:\/\/inovaa.eu\/fr\/wp-content\/uploads\/sites\/4\/2020\/07\/Marnix.jpg\",\"contentUrl\":\"https:\/\/inovaa.eu\/fr\/wp-content\/uploads\/sites\/4\/2020\/07\/Marnix.jpg\",\"width\":300,\"height\":300},{\"@type\":\"BreadcrumbList\",\"@id\":\"https:\/\/inovaa.eu\/fr\/our-story\/#breadcrumb\",\"itemListElement\":[{\"@type\":\"ListItem\",\"position\":1,\"name\":\"Home\",\"item\":\"https:\/\/inovaa.eu\/fr\/\"},{\"@type\":\"ListItem\",\"position\":2,\"name\":\"Notre histoire\"}]},{\"@type\":\"WebSite\",\"@id\":\"https:\/\/inovaa.eu\/fr\/#website\",\"url\":\"https:\/\/inovaa.eu\/fr\/\",\"name\":\"Inovaa\",\"description\":\"\",\"publisher\":{\"@id\":\"https:\/\/inovaa.eu\/fr\/#organization\"},\"potentialAction\":[{\"@type\":\"SearchAction\",\"target\":{\"@type\":\"EntryPoint\",\"urlTemplate\":\"https:\/\/inovaa.eu\/fr\/?s={search_term_string}\"},\"query-input\":{\"@type\":\"PropertyValueSpecification\",\"valueRequired\":true,\"valueName\":\"search_term_string\"}}],\"inLanguage\":\"fr-FR\"},{\"@type\":\"Organization\",\"@id\":\"https:\/\/inovaa.eu\/fr\/#organization\",\"name\":\"Inovaa\",\"url\":\"https:\/\/inovaa.eu\/fr\/\",\"logo\":{\"@type\":\"ImageObject\",\"inLanguage\":\"fr-FR\",\"@id\":\"https:\/\/inovaa.eu\/fr\/#\/schema\/logo\/image\/\",\"url\":\"https:\/\/inovaa.eu\/fr\/wp-content\/uploads\/sites\/4\/2020\/06\/cropped-inovaa-logo-cropped-transparent-1.png\",\"contentUrl\":\"https:\/\/inovaa.eu\/fr\/wp-content\/uploads\/sites\/4\/2020\/06\/cropped-inovaa-logo-cropped-transparent-1.png\",\"width\":770,\"height\":189,\"caption\":\"Inovaa\"},\"image\":{\"@id\":\"https:\/\/inovaa.eu\/fr\/#\/schema\/logo\/image\/\"}}]}<\/script>\n<!-- \/ Yoast SEO Premium plugin. -->","yoast_head_json":{"title":"Notre histoire - Inovaa","description":"Samen met Uniekum en Wevano ontwikkelden we de optische sorteermachine voor pootaardappelen. De machine helpt tientallen boeren om hun pootgoed te sorteren.","robots":{"index":"index","follow":"follow","max-snippet":"max-snippet:-1","max-image-preview":"max-image-preview:large","max-video-preview":"max-video-preview:-1"},"canonical":"https:\/\/inovaa.eu\/fr\/our-story\/","og_locale":"fr_FR","og_type":"article","og_title":"Notre histoire","og_description":"Samen met Uniekum en Wevano ontwikkelden we de optische sorteermachine voor pootaardappelen. De machine helpt tientallen boeren om hun pootgoed te sorteren.","og_url":"https:\/\/inovaa.eu\/fr\/our-story\/","og_site_name":"Inovaa","article_modified_time":"2026-02-09T15:08:15+00:00","og_image":[{"url":"https:\/\/inovaa.eu\/fr\/wp-content\/uploads\/sites\/4\/2020\/07\/Marnix.jpg","type":"","width":"","height":""}],"twitter_card":"summary_large_image","twitter_misc":{"Dur\u00e9e de lecture estim\u00e9e":"2 minutes"},"schema":{"@context":"https:\/\/schema.org","@graph":[{"@type":"WebPage","@id":"https:\/\/inovaa.eu\/fr\/our-story\/","url":"https:\/\/inovaa.eu\/fr\/our-story\/","name":"Notre histoire - Inovaa","isPartOf":{"@id":"https:\/\/inovaa.eu\/fr\/#website"},"primaryImageOfPage":{"@id":"https:\/\/inovaa.eu\/fr\/our-story\/#primaryimage"},"image":{"@id":"https:\/\/inovaa.eu\/fr\/our-story\/#primaryimage"},"thumbnailUrl":"https:\/\/inovaa.eu\/fr\/wp-content\/uploads\/sites\/4\/2020\/07\/Marnix.jpg","datePublished":"2020-07-29T10:20:29+00:00","dateModified":"2026-02-09T15:08:15+00:00","description":"Samen met Uniekum en Wevano ontwikkelden we de optische sorteermachine voor pootaardappelen. De machine helpt tientallen boeren om hun pootgoed te sorteren.","breadcrumb":{"@id":"https:\/\/inovaa.eu\/fr\/our-story\/#breadcrumb"},"inLanguage":"fr-FR","potentialAction":[{"@type":"ReadAction","target":["https:\/\/inovaa.eu\/fr\/our-story\/"]}]},{"@type":"ImageObject","inLanguage":"fr-FR","@id":"https:\/\/inovaa.eu\/fr\/our-story\/#primaryimage","url":"https:\/\/inovaa.eu\/fr\/wp-content\/uploads\/sites\/4\/2020\/07\/Marnix.jpg","contentUrl":"https:\/\/inovaa.eu\/fr\/wp-content\/uploads\/sites\/4\/2020\/07\/Marnix.jpg","width":300,"height":300},{"@type":"BreadcrumbList","@id":"https:\/\/inovaa.eu\/fr\/our-story\/#breadcrumb","itemListElement":[{"@type":"ListItem","position":1,"name":"Home","item":"https:\/\/inovaa.eu\/fr\/"},{"@type":"ListItem","position":2,"name":"Notre histoire"}]},{"@type":"WebSite","@id":"https:\/\/inovaa.eu\/fr\/#website","url":"https:\/\/inovaa.eu\/fr\/","name":"Inovaa","description":"","publisher":{"@id":"https:\/\/inovaa.eu\/fr\/#organization"},"potentialAction":[{"@type":"SearchAction","target":{"@type":"EntryPoint","urlTemplate":"https:\/\/inovaa.eu\/fr\/?s={search_term_string}"},"query-input":{"@type":"PropertyValueSpecification","valueRequired":true,"valueName":"search_term_string"}}],"inLanguage":"fr-FR"},{"@type":"Organization","@id":"https:\/\/inovaa.eu\/fr\/#organization","name":"Inovaa","url":"https:\/\/inovaa.eu\/fr\/","logo":{"@type":"ImageObject","inLanguage":"fr-FR","@id":"https:\/\/inovaa.eu\/fr\/#\/schema\/logo\/image\/","url":"https:\/\/inovaa.eu\/fr\/wp-content\/uploads\/sites\/4\/2020\/06\/cropped-inovaa-logo-cropped-transparent-1.png","contentUrl":"https:\/\/inovaa.eu\/fr\/wp-content\/uploads\/sites\/4\/2020\/06\/cropped-inovaa-logo-cropped-transparent-1.png","width":770,"height":189,"caption":"Inovaa"},"image":{"@id":"https:\/\/inovaa.eu\/fr\/#\/schema\/logo\/image\/"}}]}},"_links":{"self":[{"href":"https:\/\/inovaa.eu\/fr\/wp-json\/wp\/v2\/pages\/270","targetHints":{"allow":["GET"]}}],"collection":[{"href":"https:\/\/inovaa.eu\/fr\/wp-json\/wp\/v2\/pages"}],"about":[{"href":"https:\/\/inovaa.eu\/fr\/wp-json\/wp\/v2\/types\/page"}],"author":[{"embeddable":true,"href":"https:\/\/inovaa.eu\/fr\/wp-json\/wp\/v2\/users\/2"}],"replies":[{"embeddable":true,"href":"https:\/\/inovaa.eu\/fr\/wp-json\/wp\/v2\/comments?post=270"}],"version-history":[{"count":45,"href":"https:\/\/inovaa.eu\/fr\/wp-json\/wp\/v2\/pages\/270\/revisions"}],"predecessor-version":[{"id":1089,"href":"https:\/\/inovaa.eu\/fr\/wp-json\/wp\/v2\/pages\/270\/revisions\/1089"}],"wp:attachment":[{"href":"https:\/\/inovaa.eu\/fr\/wp-json\/wp\/v2\/media?parent=270"}],"curies":[{"name":"wp","href":"https:\/\/api.w.org\/{rel}","templated":true}]}}