{"id":335,"date":"2020-10-19T13:58:25","date_gmt":"2020-10-19T13:58:25","guid":{"rendered":"https:\/\/inovaa.nl\/?page_id=335"},"modified":"2025-09-29T11:42:58","modified_gmt":"2025-09-29T11:42:58","slug":"kontact","status":"publish","type":"page","link":"https:\/\/inovaa.eu\/de\/kontact\/","title":{"rendered":"Kontact"},"content":{"rendered":"\t\t<div data-elementor-type=\"wp-page\" data-elementor-id=\"335\" class=\"elementor elementor-335\" data-elementor-post-type=\"page\">\n\t\t\t\t\t\t<section class=\"elementor-section elementor-top-section elementor-element elementor-element-4459755 elementor-section-content-middle elementor-section-boxed elementor-section-height-default elementor-section-height-default\" data-id=\"4459755\" data-element_type=\"section\" data-e-type=\"section\" data-settings=\"{&quot;background_background&quot;:&quot;classic&quot;}\">\n\t\t\t\t\t\t\t<div class=\"elementor-background-overlay\"><\/div>\n\t\t\t\t\t\t\t<div class=\"elementor-container elementor-column-gap-default\">\n\t\t\t\t\t<div class=\"elementor-column elementor-col-100 elementor-top-column elementor-element elementor-element-71f48e7\" data-id=\"71f48e7\" data-element_type=\"column\" data-e-type=\"column\">\n\t\t\t<div class=\"elementor-widget-wrap elementor-element-populated\">\n\t\t\t\t\t\t<div class=\"elementor-element elementor-element-e72acba elementor-invisible elementor-widget elementor-widget-heading\" data-id=\"e72acba\" data-element_type=\"widget\" data-e-type=\"widget\" data-settings=\"{&quot;_animation&quot;:&quot;fadeIn&quot;}\" data-widget_type=\"heading.default\">\n\t\t\t\t<div class=\"elementor-widget-container\">\n\t\t\t\t\t<h1 class=\"elementor-heading-title elementor-size-default\">Kontact<\/h1>\t\t\t\t<\/div>\n\t\t\t\t<\/div>\n\t\t\t\t<div class=\"elementor-element elementor-element-0a15c53 elementor-invisible elementor-widget elementor-widget-text-editor\" data-id=\"0a15c53\" data-element_type=\"widget\" data-e-type=\"widget\" data-settings=\"{&quot;_animation&quot;:&quot;fadeIn&quot;,&quot;_animation_delay&quot;:200}\" data-widget_type=\"text-editor.default\">\n\t\t\t\t<div class=\"elementor-widget-container\">\n\t\t\t\t\t\t\t\t\t<h4>M\u00f6chten Sie Ihren Sortierprozess optimieren? Wir freuen uns, Sie zu beraten. F\u00fcllen Sie das Kontaktformular aus und wir werden Sie so schnell wie m\u00f6glich kontaktieren.<\/h4>\t\t\t\t\t\t\t\t<\/div>\n\t\t\t\t<\/div>\n\t\t\t\t\t<\/div>\n\t\t<\/div>\n\t\t\t\t\t<\/div>\n\t\t<\/section>\n\t\t\t\t<section class=\"elementor-section elementor-top-section elementor-element elementor-element-5741653e elementor-section-content-middle elementor-section-boxed elementor-section-height-default elementor-section-height-default\" data-id=\"5741653e\" data-element_type=\"section\" data-e-type=\"section\">\n\t\t\t\t\t\t<div class=\"elementor-container elementor-column-gap-no\">\n\t\t\t\t\t<div class=\"elementor-column elementor-col-50 elementor-top-column elementor-element elementor-element-3652146d\" data-id=\"3652146d\" data-element_type=\"column\" data-e-type=\"column\">\n\t\t\t<div class=\"elementor-widget-wrap elementor-element-populated\">\n\t\t\t\t\t\t<div class=\"elementor-element elementor-element-432558e7 elementor-button-align-end elementor-mobile-button-align-stretch elementor-widget elementor-widget-form\" data-id=\"432558e7\" data-element_type=\"widget\" data-e-type=\"widget\" data-settings=\"{&quot;step_next_label&quot;:&quot;Next&quot;,&quot;step_previous_label&quot;:&quot;Previous&quot;,&quot;button_width&quot;:&quot;50&quot;,&quot;step_type&quot;:&quot;number_text&quot;,&quot;step_icon_shape&quot;:&quot;circle&quot;}\" data-widget_type=\"form.default\">\n\t\t\t\t<div class=\"elementor-widget-container\">\n\t\t\t\t\t\t\t<form class=\"elementor-form\" method=\"post\" name=\"Contact Form\" aria-label=\"Contact Form\">\n\t\t\t<input type=\"hidden\" name=\"post_id\" value=\"335\"\/>\n\t\t\t<input type=\"hidden\" name=\"form_id\" value=\"432558e7\"\/>\n\t\t\t<input type=\"hidden\" name=\"referer_title\" value=\"Inovaa\" \/>\n\n\t\t\t\n\t\t\t<div class=\"elementor-form-fields-wrapper elementor-labels-above\">\n\t\t\t\t\t\t\t\t<div class=\"elementor-field-type-text elementor-field-group elementor-column elementor-field-group-name elementor-col-50 elementor-field-required\">\n\t\t\t\t\t\t\t\t\t\t\t\t<label for=\"form-field-name\" class=\"elementor-field-label\">\n\t\t\t\t\t\t\t\tName\t\t\t\t\t\t\t<\/label>\n\t\t\t\t\t\t\t\t\t\t\t\t\t\t<input size=\"1\" type=\"text\" name=\"form_fields[name]\" id=\"form-field-name\" class=\"elementor-field elementor-size-md  elementor-field-textual\" required=\"required\">\n\t\t\t\t\t\t\t\t\t\t\t<\/div>\n\t\t\t\t\t\t\t\t<div class=\"elementor-field-type-email elementor-field-group elementor-column elementor-field-group-email elementor-col-50 elementor-field-required\">\n\t\t\t\t\t\t\t\t\t\t\t\t<label for=\"form-field-email\" class=\"elementor-field-label\">\n\t\t\t\t\t\t\t\tE-mail\t\t\t\t\t\t\t<\/label>\n\t\t\t\t\t\t\t\t\t\t\t\t\t\t<input size=\"1\" type=\"email\" name=\"form_fields[email]\" id=\"form-field-email\" class=\"elementor-field elementor-size-md  elementor-field-textual\" required=\"required\">\n\t\t\t\t\t\t\t\t\t\t\t<\/div>\n\t\t\t\t\t\t\t\t<div class=\"elementor-field-type-text elementor-field-group elementor-column elementor-field-group-5fc6f08 elementor-col-50\">\n\t\t\t\t\t\t\t\t\t\t\t\t<label for=\"form-field-5fc6f08\" class=\"elementor-field-label\">\n\t\t\t\t\t\t\t\tTELEFONNUMMER\t\t\t\t\t\t\t<\/label>\n\t\t\t\t\t\t\t\t\t\t\t\t\t\t<input size=\"1\" type=\"text\" name=\"form_fields[5fc6f08]\" id=\"form-field-5fc6f08\" class=\"elementor-field elementor-size-md  elementor-field-textual\">\n\t\t\t\t\t\t\t\t\t\t\t<\/div>\n\t\t\t\t\t\t\t\t<div class=\"elementor-field-type-text elementor-field-group elementor-column elementor-field-group-b9cd3c3 elementor-col-50\">\n\t\t\t\t\t\t\t\t\t\t\t\t<label for=\"form-field-b9cd3c3\" class=\"elementor-field-label\">\n\t\t\t\t\t\t\t\tNAME DER FIRMA\t\t\t\t\t\t\t<\/label>\n\t\t\t\t\t\t\t\t\t\t\t\t\t\t<input size=\"1\" type=\"text\" name=\"form_fields[b9cd3c3]\" id=\"form-field-b9cd3c3\" class=\"elementor-field elementor-size-md  elementor-field-textual\">\n\t\t\t\t\t\t\t\t\t\t\t<\/div>\n\t\t\t\t\t\t\t\t<div class=\"elementor-field-type-textarea elementor-field-group elementor-column elementor-field-group-6ed25c0 elementor-col-100 elementor-field-required\">\n\t\t\t\t\t\t\t\t\t\t\t\t<label for=\"form-field-6ed25c0\" class=\"elementor-field-label\">\n\t\t\t\t\t\t\t\tBOTSCHAFT\t\t\t\t\t\t\t<\/label>\n\t\t\t\t\t\t<textarea class=\"elementor-field-textual elementor-field  elementor-size-md\" name=\"form_fields[6ed25c0]\" id=\"form-field-6ed25c0\" rows=\"4\" required=\"required\"><\/textarea>\t\t\t\t<\/div>\n\t\t\t\t\t\t\t\t<div class=\"elementor-field-type-text\">\n\t\t\t\t\t<input size=\"1\" type=\"text\" name=\"form_fields[field_18e432c]\" id=\"form-field-field_18e432c\" class=\"elementor-field elementor-size-md \" style=\"display:none !important;\">\t\t\t\t<\/div>\n\t\t\t\t\t\t\t\t<div class=\"elementor-field-type-recaptcha elementor-field-group elementor-column elementor-field-group-field_6340866 elementor-col-100\">\n\t\t\t\t\t<div class=\"elementor-field\" id=\"form-field-field_6340866\"><div class=\"elementor-g-recaptcha\" data-sitekey=\"6LecdYwaAAAAAKb75vhphEVnkJ7hxOlgnBGEe71P\" data-type=\"v2_checkbox\" data-theme=\"light\" data-size=\"normal\"><\/div><\/div>\t\t\t\t<\/div>\n\t\t\t\t\t\t\t\t<div class=\"elementor-field-group elementor-column elementor-field-type-submit elementor-col-50 e-form__buttons\">\n\t\t\t\t\t<button class=\"elementor-button elementor-size-md\" type=\"submit\">\n\t\t\t\t\t\t<span class=\"elementor-button-content-wrapper\">\n\t\t\t\t\t\t\t\t\t\t\t\t\t\t\t\t\t\t\t\t\t\t<span class=\"elementor-button-text\">SCHICKEN<\/span>\n\t\t\t\t\t\t\t\t\t\t\t\t\t<\/span>\n\t\t\t\t\t<\/button>\n\t\t\t\t<\/div>\n\t\t\t<\/div>\n\t\t<\/form>\n\t\t\t\t\t\t<\/div>\n\t\t\t\t<\/div>\n\t\t\t\t\t<\/div>\n\t\t<\/div>\n\t\t\t\t<div class=\"elementor-column elementor-col-50 elementor-top-column elementor-element elementor-element-2b98ab8\" data-id=\"2b98ab8\" data-element_type=\"column\" data-e-type=\"column\" data-settings=\"{&quot;background_background&quot;:&quot;classic&quot;}\">\n\t\t\t<div class=\"elementor-widget-wrap elementor-element-populated\">\n\t\t\t\t\t\t<div class=\"elementor-element elementor-element-defa508 elementor-widget elementor-widget-text-editor\" data-id=\"defa508\" data-element_type=\"widget\" data-e-type=\"widget\" data-widget_type=\"text-editor.default\">\n\t\t\t\t<div class=\"elementor-widget-container\">\n\t\t\t\t\t\t\t\t\t<p><b>Inovaa BV<\/b><\/p><p>Ecopark 51-08<br \/>8305 BJ\u00a0 EMMELOORD<\/p><p>E-mail: info@inovaa.nl<br \/>Phone: +31 527-794525<\/p><p>CoC: 97420417<\/p>\t\t\t\t\t\t\t\t<\/div>\n\t\t\t\t<\/div>\n\t\t\t\t\t<\/div>\n\t\t<\/div>\n\t\t\t\t\t<\/div>\n\t\t<\/section>\n\t\t\t\t<\/div>\n\t\t","protected":false},"excerpt":{"rendered":"<p>M\u00f6chten Sie Ihren Sortierprozess optimieren? Wir freuen uns, Sie zu beraten. F\u00fcllen Sie das Kontaktformular aus und wir werden Sie so schnell wie m\u00f6glich kontaktieren. Inovaa BV Ecopark 51-088305 BJ\u00a0 EMMELOORD E-mail: info@inovaa.nlPhone: +31 527-794525 CoC: 97420417<\/p>\n","protected":false},"author":1,"featured_media":0,"parent":0,"menu_order":0,"comment_status":"closed","ping_status":"closed","template":"","meta":{"editor_notices":[],"footnotes":""},"class_list":["post-335","page","type-page","status-publish","hentry"],"yoast_head":"<!-- This site is optimized with the Yoast SEO Premium plugin v27.2 (Yoast SEO v27.2) - https:\/\/yoast.com\/product\/yoast-seo-premium-wordpress\/ -->\n<title>Kontact - Inovaa<\/title>\n<meta name=\"description\" content=\"Uw sorteringsproces optimaliseren? Wij adviseren u graag. Vul het contactformulier in en wij nemen zo snel mogelijk contact met u op.\" \/>\n<meta name=\"robots\" content=\"index, follow, max-snippet:-1, max-image-preview:large, max-video-preview:-1\" \/>\n<link rel=\"canonical\" href=\"https:\/\/inovaa.eu\/de\/kontact\/\" \/>\n<meta property=\"og:locale\" content=\"de_DE\" \/>\n<meta property=\"og:type\" content=\"article\" \/>\n<meta property=\"og:title\" content=\"Kontact\" \/>\n<meta property=\"og:description\" content=\"Uw sorteringsproces optimaliseren? Wij adviseren u graag. Vul het contactformulier in en wij nemen zo snel mogelijk contact met u op.\" \/>\n<meta property=\"og:url\" content=\"https:\/\/inovaa.eu\/de\/kontact\/\" \/>\n<meta property=\"og:site_name\" content=\"Inovaa\" \/>\n<meta property=\"article:modified_time\" content=\"2025-09-29T11:42:58+00:00\" \/>\n<meta property=\"og:image\" content=\"https:\/\/inovaa.eu\/de\/wp-content\/uploads\/sites\/3\/2026\/03\/inovaa-og-img.jpg\" \/>\n\t<meta property=\"og:image:width\" content=\"1200\" \/>\n\t<meta property=\"og:image:height\" content=\"675\" \/>\n\t<meta property=\"og:image:type\" content=\"image\/jpeg\" \/>\n<meta name=\"twitter:card\" content=\"summary_large_image\" \/>\n<script type=\"application\/ld+json\" class=\"yoast-schema-graph\">{\"@context\":\"https:\/\/schema.org\",\"@graph\":[{\"@type\":\"WebPage\",\"@id\":\"https:\/\/inovaa.eu\/de\/kontact\/\",\"url\":\"https:\/\/inovaa.eu\/de\/kontact\/\",\"name\":\"Kontact - Inovaa\",\"isPartOf\":{\"@id\":\"https:\/\/inovaa.eu\/de\/#website\"},\"datePublished\":\"2020-10-19T13:58:25+00:00\",\"dateModified\":\"2025-09-29T11:42:58+00:00\",\"description\":\"Uw sorteringsproces optimaliseren? Wij adviseren u graag. Vul het contactformulier in en wij nemen zo snel mogelijk contact met u op.\",\"breadcrumb\":{\"@id\":\"https:\/\/inovaa.eu\/de\/kontact\/#breadcrumb\"},\"inLanguage\":\"de\",\"potentialAction\":[{\"@type\":\"ReadAction\",\"target\":[\"https:\/\/inovaa.eu\/de\/kontact\/\"]}]},{\"@type\":\"BreadcrumbList\",\"@id\":\"https:\/\/inovaa.eu\/de\/kontact\/#breadcrumb\",\"itemListElement\":[{\"@type\":\"ListItem\",\"position\":1,\"name\":\"Home\",\"item\":\"https:\/\/inovaa.eu\/de\/\"},{\"@type\":\"ListItem\",\"position\":2,\"name\":\"Kontact\"}]},{\"@type\":\"WebSite\",\"@id\":\"https:\/\/inovaa.eu\/de\/#website\",\"url\":\"https:\/\/inovaa.eu\/de\/\",\"name\":\"Inovaa\",\"description\":\"\",\"publisher\":{\"@id\":\"https:\/\/inovaa.eu\/de\/#organization\"},\"potentialAction\":[{\"@type\":\"SearchAction\",\"target\":{\"@type\":\"EntryPoint\",\"urlTemplate\":\"https:\/\/inovaa.eu\/de\/?s={search_term_string}\"},\"query-input\":{\"@type\":\"PropertyValueSpecification\",\"valueRequired\":true,\"valueName\":\"search_term_string\"}}],\"inLanguage\":\"de\"},{\"@type\":\"Organization\",\"@id\":\"https:\/\/inovaa.eu\/de\/#organization\",\"name\":\"Inovaa\",\"url\":\"https:\/\/inovaa.eu\/de\/\",\"logo\":{\"@type\":\"ImageObject\",\"inLanguage\":\"de\",\"@id\":\"https:\/\/inovaa.eu\/de\/#\/schema\/logo\/image\/\",\"url\":\"https:\/\/inovaa.eu\/de\/wp-content\/uploads\/sites\/3\/2020\/06\/cropped-inovaa-logo-cropped-transparent-1.png\",\"contentUrl\":\"https:\/\/inovaa.eu\/de\/wp-content\/uploads\/sites\/3\/2020\/06\/cropped-inovaa-logo-cropped-transparent-1.png\",\"width\":770,\"height\":189,\"caption\":\"Inovaa\"},\"image\":{\"@id\":\"https:\/\/inovaa.eu\/de\/#\/schema\/logo\/image\/\"}}]}<\/script>\n<!-- \/ Yoast SEO Premium plugin. -->","yoast_head_json":{"title":"Kontact - Inovaa","description":"Uw sorteringsproces optimaliseren? Wij adviseren u graag. Vul het contactformulier in en wij nemen zo snel mogelijk contact met u op.","robots":{"index":"index","follow":"follow","max-snippet":"max-snippet:-1","max-image-preview":"max-image-preview:large","max-video-preview":"max-video-preview:-1"},"canonical":"https:\/\/inovaa.eu\/de\/kontact\/","og_locale":"de_DE","og_type":"article","og_title":"Kontact","og_description":"Uw sorteringsproces optimaliseren? Wij adviseren u graag. Vul het contactformulier in en wij nemen zo snel mogelijk contact met u op.","og_url":"https:\/\/inovaa.eu\/de\/kontact\/","og_site_name":"Inovaa","article_modified_time":"2025-09-29T11:42:58+00:00","og_image":[{"width":1200,"height":675,"url":"https:\/\/inovaa.eu\/de\/wp-content\/uploads\/sites\/3\/2026\/03\/inovaa-og-img.jpg","type":"image\/jpeg"}],"twitter_card":"summary_large_image","schema":{"@context":"https:\/\/schema.org","@graph":[{"@type":"WebPage","@id":"https:\/\/inovaa.eu\/de\/kontact\/","url":"https:\/\/inovaa.eu\/de\/kontact\/","name":"Kontact - Inovaa","isPartOf":{"@id":"https:\/\/inovaa.eu\/de\/#website"},"datePublished":"2020-10-19T13:58:25+00:00","dateModified":"2025-09-29T11:42:58+00:00","description":"Uw sorteringsproces optimaliseren? Wij adviseren u graag. Vul het contactformulier in en wij nemen zo snel mogelijk contact met u op.","breadcrumb":{"@id":"https:\/\/inovaa.eu\/de\/kontact\/#breadcrumb"},"inLanguage":"de","potentialAction":[{"@type":"ReadAction","target":["https:\/\/inovaa.eu\/de\/kontact\/"]}]},{"@type":"BreadcrumbList","@id":"https:\/\/inovaa.eu\/de\/kontact\/#breadcrumb","itemListElement":[{"@type":"ListItem","position":1,"name":"Home","item":"https:\/\/inovaa.eu\/de\/"},{"@type":"ListItem","position":2,"name":"Kontact"}]},{"@type":"WebSite","@id":"https:\/\/inovaa.eu\/de\/#website","url":"https:\/\/inovaa.eu\/de\/","name":"Inovaa","description":"","publisher":{"@id":"https:\/\/inovaa.eu\/de\/#organization"},"potentialAction":[{"@type":"SearchAction","target":{"@type":"EntryPoint","urlTemplate":"https:\/\/inovaa.eu\/de\/?s={search_term_string}"},"query-input":{"@type":"PropertyValueSpecification","valueRequired":true,"valueName":"search_term_string"}}],"inLanguage":"de"},{"@type":"Organization","@id":"https:\/\/inovaa.eu\/de\/#organization","name":"Inovaa","url":"https:\/\/inovaa.eu\/de\/","logo":{"@type":"ImageObject","inLanguage":"de","@id":"https:\/\/inovaa.eu\/de\/#\/schema\/logo\/image\/","url":"https:\/\/inovaa.eu\/de\/wp-content\/uploads\/sites\/3\/2020\/06\/cropped-inovaa-logo-cropped-transparent-1.png","contentUrl":"https:\/\/inovaa.eu\/de\/wp-content\/uploads\/sites\/3\/2020\/06\/cropped-inovaa-logo-cropped-transparent-1.png","width":770,"height":189,"caption":"Inovaa"},"image":{"@id":"https:\/\/inovaa.eu\/de\/#\/schema\/logo\/image\/"}}]}},"_links":{"self":[{"href":"https:\/\/inovaa.eu\/de\/wp-json\/wp\/v2\/pages\/335","targetHints":{"allow":["GET"]}}],"collection":[{"href":"https:\/\/inovaa.eu\/de\/wp-json\/wp\/v2\/pages"}],"about":[{"href":"https:\/\/inovaa.eu\/de\/wp-json\/wp\/v2\/types\/page"}],"author":[{"embeddable":true,"href":"https:\/\/inovaa.eu\/de\/wp-json\/wp\/v2\/users\/1"}],"replies":[{"embeddable":true,"href":"https:\/\/inovaa.eu\/de\/wp-json\/wp\/v2\/comments?post=335"}],"version-history":[{"count":61,"href":"https:\/\/inovaa.eu\/de\/wp-json\/wp\/v2\/pages\/335\/revisions"}],"predecessor-version":[{"id":1151,"href":"https:\/\/inovaa.eu\/de\/wp-json\/wp\/v2\/pages\/335\/revisions\/1151"}],"wp:attachment":[{"href":"https:\/\/inovaa.eu\/de\/wp-json\/wp\/v2\/media?parent=335"}],"curies":[{"name":"wp","href":"https:\/\/api.w.org\/{rel}","templated":true}]}}