{"id":270,"date":"2020-07-29T10:20:29","date_gmt":"2020-07-29T10:20:29","guid":{"rendered":"https:\/\/inovaa.nl\/?page_id=270"},"modified":"2026-02-09T15:07:36","modified_gmt":"2026-02-09T15:07:36","slug":"unsere-geschichte","status":"publish","type":"page","link":"https:\/\/inovaa.eu\/de\/unsere-geschichte\/","title":{"rendered":"Unsere Geschichte"},"content":{"rendered":"\t\t<div data-elementor-type=\"wp-post\" data-elementor-id=\"270\" class=\"elementor elementor-270\" data-elementor-post-type=\"page\">\n\t\t\t\t\t\t<section class=\"elementor-section elementor-top-section elementor-element elementor-element-6ddb601 elementor-section-content-middle elementor-section-boxed elementor-section-height-default elementor-section-height-default\" data-id=\"6ddb601\" data-element_type=\"section\" data-e-type=\"section\" data-settings=\"{&quot;background_background&quot;:&quot;classic&quot;}\">\n\t\t\t\t\t\t\t<div class=\"elementor-background-overlay\"><\/div>\n\t\t\t\t\t\t\t<div class=\"elementor-container elementor-column-gap-no\">\n\t\t\t\t\t<div class=\"elementor-column elementor-col-100 elementor-top-column elementor-element elementor-element-be663fc\" data-id=\"be663fc\" data-element_type=\"column\" data-e-type=\"column\">\n\t\t\t<div class=\"elementor-widget-wrap elementor-element-populated\">\n\t\t\t\t\t\t<div class=\"elementor-element elementor-element-d618ce0 elementor-invisible elementor-widget elementor-widget-heading\" data-id=\"d618ce0\" data-element_type=\"widget\" data-e-type=\"widget\" data-settings=\"{&quot;_animation&quot;:&quot;fadeIn&quot;}\" data-widget_type=\"heading.default\">\n\t\t\t\t<div class=\"elementor-widget-container\">\n\t\t\t\t\t<h1 class=\"elementor-heading-title elementor-size-default\">Unsere Geschichte<\/h1>\t\t\t\t<\/div>\n\t\t\t\t<\/div>\n\t\t\t\t\t<\/div>\n\t\t<\/div>\n\t\t\t\t\t<\/div>\n\t\t<\/section>\n\t\t\t\t<section class=\"elementor-section elementor-top-section elementor-element elementor-element-20ed813 elementor-section-content-middle elementor-section-boxed elementor-section-height-default elementor-section-height-default\" data-id=\"20ed813\" data-element_type=\"section\" data-e-type=\"section\">\n\t\t\t\t\t\t<div class=\"elementor-container elementor-column-gap-no\">\n\t\t\t\t\t<div class=\"elementor-column elementor-col-50 elementor-top-column elementor-element elementor-element-6239cea5\" data-id=\"6239cea5\" data-element_type=\"column\" data-e-type=\"column\">\n\t\t\t<div class=\"elementor-widget-wrap elementor-element-populated\">\n\t\t\t\t\t\t<div class=\"elementor-element elementor-element-4fff78ae elementor-testimonial--layout-image_above elementor-testimonial--skin-default elementor-testimonial--align-center elementor-arrows-yes elementor-pagination-type-bullets elementor-widget elementor-widget-testimonial-carousel\" data-id=\"4fff78ae\" data-element_type=\"widget\" data-e-type=\"widget\" data-settings=\"{&quot;space_between&quot;:{&quot;unit&quot;:&quot;px&quot;,&quot;size&quot;:0,&quot;sizes&quot;:[]},&quot;show_arrows&quot;:&quot;yes&quot;,&quot;pagination&quot;:&quot;bullets&quot;,&quot;speed&quot;:500,&quot;autoplay&quot;:&quot;yes&quot;,&quot;autoplay_speed&quot;:5000,&quot;loop&quot;:&quot;yes&quot;,&quot;pause_on_hover&quot;:&quot;yes&quot;,&quot;pause_on_interaction&quot;:&quot;yes&quot;,&quot;space_between_tablet&quot;:{&quot;unit&quot;:&quot;px&quot;,&quot;size&quot;:10,&quot;sizes&quot;:[]},&quot;space_between_mobile&quot;:{&quot;unit&quot;:&quot;px&quot;,&quot;size&quot;:10,&quot;sizes&quot;:[]}}\" data-widget_type=\"testimonial-carousel.default\">\n\t\t\t\t<div class=\"elementor-widget-container\">\n\t\t\t\t\t\t\t\t\t<div class=\"elementor-swiper\">\n\t\t\t\t\t<div class=\"elementor-main-swiper swiper\" role=\"region\" aria-roledescription=\"carousel\" aria-label=\"Slider\">\n\t\t\t\t<div class=\"swiper-wrapper\">\n\t\t\t\t\t\t\t\t\t\t\t<div class=\"swiper-slide\" role=\"group\" aria-roledescription=\"slide\">\n\t\t\t\t\t\t\t\t\t<div class=\"elementor-testimonial\">\n\t\t\t\t\t\t\t<div class=\"elementor-testimonial__content\">\n\t\t\t\t\t<div class=\"elementor-testimonial__text\">\n\t\t\t\t\t\tMarnix ist Softwareentwickler und hat bei verschiedenen Unternehmen an gro\u00dfen Projekten gearbeitet. Er kam in Kontakt mit der Landwirtschaft und sah dort viele M\u00f6glichkeiten, die Sortierung von Pflanzkartoffeln mit Hilfe innovativer Software und leistungsf\u00e4higer Mechanik zu verbessern. Mit Inovaa will er Landwirten helfen, ihre Kartoffeln optimal zu sortieren.\t\t\t\t\t<\/div>\n\t\t\t\t\t<cite class=\"elementor-testimonial__cite\"><span class=\"elementor-testimonial__name\">Marnix Hamstra<\/span><span class=\"elementor-testimonial__title\">Software<\/span><\/cite>\t\t\t\t<\/div>\n\t\t\t\t\t\t<div class=\"elementor-testimonial__footer\">\n\t\t\t\t\t\t\t\t\t<div class=\"elementor-testimonial__image\">\n\t\t\t\t\t\t<img decoding=\"async\" src=\"https:\/\/inovaa.eu\/de\/wp-content\/uploads\/sites\/3\/2020\/07\/Marnix.jpg\" alt=\"Marnix Hamstra\">\n\t\t\t\t\t\t\t\t\t\t\t<\/div>\n\t\t\t\t\t\t\t\t\t\t\t<\/div>\n\t\t<\/div>\n\t\t\t\t\t\t\t\t<\/div>\n\t\t\t\t\t\t\t\t\t<\/div>\n\t\t\t\t\t\t\t<\/div>\n\t\t\t\t<\/div>\n\t\t\t\t\t\t\t\t<\/div>\n\t\t\t\t<\/div>\n\t\t\t\t\t<\/div>\n\t\t<\/div>\n\t\t\t\t<div class=\"elementor-column elementor-col-50 elementor-top-column elementor-element elementor-element-249e3fb5\" data-id=\"249e3fb5\" data-element_type=\"column\" data-e-type=\"column\">\n\t\t\t<div class=\"elementor-widget-wrap elementor-element-populated\">\n\t\t\t\t\t\t<div class=\"elementor-element elementor-element-76cd4599 elementor-testimonial--layout-image_above elementor-testimonial--skin-default elementor-testimonial--align-center elementor-arrows-yes elementor-pagination-type-bullets elementor-widget elementor-widget-testimonial-carousel\" data-id=\"76cd4599\" data-element_type=\"widget\" data-e-type=\"widget\" data-settings=\"{&quot;space_between&quot;:{&quot;unit&quot;:&quot;px&quot;,&quot;size&quot;:0,&quot;sizes&quot;:[]},&quot;show_arrows&quot;:&quot;yes&quot;,&quot;pagination&quot;:&quot;bullets&quot;,&quot;speed&quot;:500,&quot;autoplay&quot;:&quot;yes&quot;,&quot;autoplay_speed&quot;:5000,&quot;loop&quot;:&quot;yes&quot;,&quot;pause_on_hover&quot;:&quot;yes&quot;,&quot;pause_on_interaction&quot;:&quot;yes&quot;,&quot;space_between_tablet&quot;:{&quot;unit&quot;:&quot;px&quot;,&quot;size&quot;:10,&quot;sizes&quot;:[]},&quot;space_between_mobile&quot;:{&quot;unit&quot;:&quot;px&quot;,&quot;size&quot;:10,&quot;sizes&quot;:[]}}\" data-widget_type=\"testimonial-carousel.default\">\n\t\t\t\t<div class=\"elementor-widget-container\">\n\t\t\t\t\t\t\t\t\t<div class=\"elementor-swiper\">\n\t\t\t\t\t<div class=\"elementor-main-swiper swiper\" role=\"region\" aria-roledescription=\"carousel\" aria-label=\"Slider\">\n\t\t\t\t<div class=\"swiper-wrapper\">\n\t\t\t\t\t\t\t\t\t\t\t<div class=\"swiper-slide\" role=\"group\" aria-roledescription=\"slide\">\n\t\t\t\t\t\t\t\t\t<div class=\"elementor-testimonial\">\n\t\t\t\t\t\t\t<div class=\"elementor-testimonial__content\">\n\t\t\t\t\t<div class=\"elementor-testimonial__text\">\n\t\t\t\t\t\tBas arbeitete viele Jahre an der Entwicklung verschiedener Maschinen im Agrarsektor auf der ganzen Welt. Er freut sich nun, sein Wissen einzusetzen, um mit Partnern zusammenzuarbeiten, um die beste L\u00f6sung f\u00fcr die Kartoffelsortierung anzubieten, vollautomatisch und unter Verwendung der neuesten Techniken. Dar\u00fcber hinaus ist er f\u00fcr das Account- und Projektmanagement innerhalb von Inovaa verantwortlich\t\t\t\t\t<\/div>\n\t\t\t\t\t<cite class=\"elementor-testimonial__cite\"><span class=\"elementor-testimonial__name\">Bas Pomstra<\/span><span class=\"elementor-testimonial__title\">KONTO- UND PROJEKTVERWALTUNG<\/span><\/cite>\t\t\t\t<\/div>\n\t\t\t\t\t\t<div class=\"elementor-testimonial__footer\">\n\t\t\t\t\t\t\t\t\t<div class=\"elementor-testimonial__image\">\n\t\t\t\t\t\t<img decoding=\"async\" src=\"https:\/\/inovaa.eu\/de\/wp-content\/uploads\/sites\/3\/2022\/04\/Bas.jpg\" alt=\"Bas Pomstra\">\n\t\t\t\t\t\t\t\t\t\t\t<\/div>\n\t\t\t\t\t\t\t\t\t\t\t<\/div>\n\t\t<\/div>\n\t\t\t\t\t\t\t\t<\/div>\n\t\t\t\t\t\t\t\t\t<\/div>\n\t\t\t\t\t\t\t<\/div>\n\t\t\t\t<\/div>\n\t\t\t\t\t\t\t\t<\/div>\n\t\t\t\t<\/div>\n\t\t\t\t\t<\/div>\n\t\t<\/div>\n\t\t\t\t\t<\/div>\n\t\t<\/section>\n\t\t\t\t<section class=\"elementor-section elementor-top-section elementor-element elementor-element-acfd4eb elementor-section-full_width elementor-section-height-default elementor-section-height-default\" data-id=\"acfd4eb\" data-element_type=\"section\" data-e-type=\"section\">\n\t\t\t\t\t\t<div class=\"elementor-container elementor-column-gap-default\">\n\t\t\t\t\t<div class=\"elementor-column elementor-col-50 elementor-top-column elementor-element elementor-element-83fb9b7\" data-id=\"83fb9b7\" data-element_type=\"column\" data-e-type=\"column\" data-settings=\"{&quot;background_background&quot;:&quot;classic&quot;}\">\n\t\t\t<div class=\"elementor-widget-wrap elementor-element-populated\">\n\t\t\t\t\t<div class=\"elementor-background-overlay\"><\/div>\n\t\t\t\t\t\t<div class=\"elementor-element elementor-element-daf623e elementor-widget elementor-widget-heading\" data-id=\"daf623e\" data-element_type=\"widget\" data-e-type=\"widget\" data-widget_type=\"heading.default\">\n\t\t\t\t<div class=\"elementor-widget-container\">\n\t\t\t\t\t<h4 class=\"elementor-heading-title elementor-size-default\">Sch\u00f6n, dich kennenzulernen! <br><span style=\"font-weight: normal\">Das sind wir...<\/span><\/h4>\t\t\t\t<\/div>\n\t\t\t\t<\/div>\n\t\t\t\t\t<\/div>\n\t\t<\/div>\n\t\t\t\t<div class=\"elementor-column elementor-col-50 elementor-top-column elementor-element elementor-element-95060f9\" data-id=\"95060f9\" data-element_type=\"column\" data-e-type=\"column\">\n\t\t\t<div class=\"elementor-widget-wrap elementor-element-populated\">\n\t\t\t\t\t\t<div class=\"elementor-element elementor-element-a88f1bc elementor-widget elementor-widget-text-editor\" data-id=\"a88f1bc\" data-element_type=\"widget\" data-e-type=\"widget\" data-widget_type=\"text-editor.default\">\n\t\t\t\t<div class=\"elementor-widget-container\">\n\t\t\t\t\t\t\t\t\t<p>Wir sind unser ganzes Leben lang in der Landwirtschaft t\u00e4tig und kennen sie in- und auswendig. Wir haben verschiedene Maschinen, Optimierungen und Techniken kommen und gehen sehen.<\/p><p>Aber wir haben auch Chancen gesehen, die nicht genutzt wurden. Dass innovative Techniken noch nicht in den Agrarsektor eingedrungen sind, obwohl sie f\u00fcr eine verbesserte Sortierung und Verarbeitung so viel mehr bedeuten k\u00f6nnen.<\/p><p>Es geht auch anders, dachten wir. Und deshalb haben wir 2019 mit der Arbeit an einem optischen Sortierer f\u00fcr ungewaschene Kartoffeln begonnen. Nach diversen Tests und Weiterentwicklungen war die Maschine produktionsreif. Seitdem hilft die Maschine, die wir zum U-Vision gemacht haben, verschiedenen Landwirten in den Niederlanden, ihre Kartoffeln zu sortieren und dabei Gr\u00f6\u00dfe und Qualit\u00e4t beizubehalten.<\/p><p>Wir verwenden SigmaTek f\u00fcr SPS-Steuerungen. Wenn beispielsweise f\u00fcr ein Kamerasystem mehr Rechenleistung ben\u00f6tigt wird, setzen wir einen Industrie-PC ein.<\/p>\t\t\t\t\t\t\t\t<\/div>\n\t\t\t\t<\/div>\n\t\t\t\t\t<\/div>\n\t\t<\/div>\n\t\t\t\t\t<\/div>\n\t\t<\/section>\n\t\t\t\t<section class=\"elementor-section elementor-top-section elementor-element elementor-element-b895168 elementor-section-content-middle elementor-section-boxed elementor-section-height-default elementor-section-height-default\" data-id=\"b895168\" data-element_type=\"section\" data-e-type=\"section\" data-settings=\"{&quot;background_background&quot;:&quot;classic&quot;}\">\n\t\t\t\t\t\t\t<div class=\"elementor-background-overlay\"><\/div>\n\t\t\t\t\t\t\t<div class=\"elementor-container elementor-column-gap-no\">\n\t\t\t\t\t<div class=\"elementor-column elementor-col-100 elementor-top-column elementor-element elementor-element-f8c7b1d\" data-id=\"f8c7b1d\" data-element_type=\"column\" data-e-type=\"column\">\n\t\t\t<div class=\"elementor-widget-wrap elementor-element-populated\">\n\t\t\t\t\t\t<div class=\"elementor-element elementor-element-50e24a2 elementor-widget elementor-widget-heading\" data-id=\"50e24a2\" data-element_type=\"widget\" data-e-type=\"widget\" data-widget_type=\"heading.default\">\n\t\t\t\t<div class=\"elementor-widget-container\">\n\t\t\t\t\t<h4 class=\"elementor-heading-title elementor-size-default\">Zeit f\u00fcr einen Termin?<\/h4>\t\t\t\t<\/div>\n\t\t\t\t<\/div>\n\t\t\t\t<div class=\"elementor-element elementor-element-10a3f37 elementor-widget elementor-widget-heading\" data-id=\"10a3f37\" data-element_type=\"widget\" data-e-type=\"widget\" data-widget_type=\"heading.default\">\n\t\t\t\t<div class=\"elementor-widget-container\">\n\t\t\t\t\t<h5 class=\"elementor-heading-title elementor-size-default\">Sie sind immer willkommen f\u00fcr eine Tasse Kaffee und eine Demonstration bei einem unserer Kunden!<\/h5>\t\t\t\t<\/div>\n\t\t\t\t<\/div>\n\t\t\t\t<div class=\"elementor-element elementor-element-aa546bd elementor-align-center elementor-mobile-align-justify elementor-widget elementor-widget-button\" data-id=\"aa546bd\" data-element_type=\"widget\" data-e-type=\"widget\" data-widget_type=\"button.default\">\n\t\t\t\t<div class=\"elementor-widget-container\">\n\t\t\t\t\t\t\t\t\t<div class=\"elementor-button-wrapper\">\n\t\t\t\t\t<a class=\"elementor-button elementor-button-link elementor-size-sm elementor-animation-grow\" href=\"\/contact\">\n\t\t\t\t\t\t<span class=\"elementor-button-content-wrapper\">\n\t\t\t\t\t\t\t\t\t<span class=\"elementor-button-text\">EINEN TERMIN MACHEN<\/span>\n\t\t\t\t\t<\/span>\n\t\t\t\t\t<\/a>\n\t\t\t\t<\/div>\n\t\t\t\t\t\t\t\t<\/div>\n\t\t\t\t<\/div>\n\t\t\t\t\t<\/div>\n\t\t<\/div>\n\t\t\t\t\t<\/div>\n\t\t<\/section>\n\t\t\t\t<\/div>\n\t\t","protected":false},"excerpt":{"rendered":"<p>Marnix ist Softwareentwickler und hat bei verschiedenen Unternehmen an gro\u00dfen Projekten gearbeitet. Er kam in Kontakt mit der Landwirtschaft und sah dort viele M\u00f6glichkeiten, die Sortierung von Pflanzkartoffeln mit Hilfe innovativer Software und leistungsf\u00e4higer Mechanik zu verbessern. Mit Inovaa will er Landwirten helfen, ihre Kartoffeln optimal zu sortieren. Marnix HamstraSoftware Bas arbeitete viele Jahre an [&hellip;]<\/p>\n","protected":false},"author":2,"featured_media":0,"parent":0,"menu_order":0,"comment_status":"closed","ping_status":"closed","template":"","meta":{"editor_notices":[],"footnotes":""},"class_list":["post-270","page","type-page","status-publish","hentry"],"yoast_head":"<!-- This site is optimized with the Yoast SEO Premium plugin v27.2 (Yoast SEO v27.2) - https:\/\/yoast.com\/product\/yoast-seo-premium-wordpress\/ -->\n<title>Unsere Geschichte - Inovaa<\/title>\n<meta name=\"description\" content=\"Samen met Uniekum en Wevano ontwikkelden we de optische sorteermachine voor pootaardappelen. De machine helpt tientallen boeren om hun pootgoed te sorteren.\" \/>\n<meta name=\"robots\" content=\"index, follow, max-snippet:-1, max-image-preview:large, max-video-preview:-1\" \/>\n<link rel=\"canonical\" href=\"https:\/\/inovaa.eu\/de\/unsere-geschichte\/\" \/>\n<meta property=\"og:locale\" content=\"de_DE\" \/>\n<meta property=\"og:type\" content=\"article\" \/>\n<meta property=\"og:title\" content=\"Unsere Geschichte\" \/>\n<meta property=\"og:description\" content=\"Samen met Uniekum en Wevano ontwikkelden we de optische sorteermachine voor pootaardappelen. De machine helpt tientallen boeren om hun pootgoed te sorteren.\" \/>\n<meta property=\"og:url\" content=\"https:\/\/inovaa.eu\/de\/unsere-geschichte\/\" \/>\n<meta property=\"og:site_name\" content=\"Inovaa\" \/>\n<meta property=\"article:modified_time\" content=\"2026-02-09T15:07:36+00:00\" \/>\n<meta property=\"og:image\" content=\"https:\/\/inovaa.eu\/de\/wp-content\/uploads\/sites\/3\/2020\/07\/Marnix.jpg\" \/>\n<meta name=\"twitter:card\" content=\"summary_large_image\" \/>\n<meta name=\"twitter:label1\" content=\"Gesch\u00e4tzte Lesezeit\" \/>\n\t<meta name=\"twitter:data1\" content=\"1\u00a0Minute\" \/>\n<script type=\"application\/ld+json\" class=\"yoast-schema-graph\">{\"@context\":\"https:\/\/schema.org\",\"@graph\":[{\"@type\":\"WebPage\",\"@id\":\"https:\/\/inovaa.eu\/de\/unsere-geschichte\/\",\"url\":\"https:\/\/inovaa.eu\/de\/unsere-geschichte\/\",\"name\":\"Unsere Geschichte - Inovaa\",\"isPartOf\":{\"@id\":\"https:\/\/inovaa.eu\/de\/#website\"},\"primaryImageOfPage\":{\"@id\":\"https:\/\/inovaa.eu\/de\/unsere-geschichte\/#primaryimage\"},\"image\":{\"@id\":\"https:\/\/inovaa.eu\/de\/unsere-geschichte\/#primaryimage\"},\"thumbnailUrl\":\"https:\/\/inovaa.eu\/de\/wp-content\/uploads\/sites\/3\/2020\/07\/Marnix.jpg\",\"datePublished\":\"2020-07-29T10:20:29+00:00\",\"dateModified\":\"2026-02-09T15:07:36+00:00\",\"description\":\"Samen met Uniekum en Wevano ontwikkelden we de optische sorteermachine voor pootaardappelen. De machine helpt tientallen boeren om hun pootgoed te sorteren.\",\"breadcrumb\":{\"@id\":\"https:\/\/inovaa.eu\/de\/unsere-geschichte\/#breadcrumb\"},\"inLanguage\":\"de\",\"potentialAction\":[{\"@type\":\"ReadAction\",\"target\":[\"https:\/\/inovaa.eu\/de\/unsere-geschichte\/\"]}]},{\"@type\":\"ImageObject\",\"inLanguage\":\"de\",\"@id\":\"https:\/\/inovaa.eu\/de\/unsere-geschichte\/#primaryimage\",\"url\":\"https:\/\/inovaa.eu\/de\/wp-content\/uploads\/sites\/3\/2020\/07\/Marnix.jpg\",\"contentUrl\":\"https:\/\/inovaa.eu\/de\/wp-content\/uploads\/sites\/3\/2020\/07\/Marnix.jpg\",\"width\":300,\"height\":300},{\"@type\":\"BreadcrumbList\",\"@id\":\"https:\/\/inovaa.eu\/de\/unsere-geschichte\/#breadcrumb\",\"itemListElement\":[{\"@type\":\"ListItem\",\"position\":1,\"name\":\"Home\",\"item\":\"https:\/\/inovaa.eu\/de\/\"},{\"@type\":\"ListItem\",\"position\":2,\"name\":\"Unsere Geschichte\"}]},{\"@type\":\"WebSite\",\"@id\":\"https:\/\/inovaa.eu\/de\/#website\",\"url\":\"https:\/\/inovaa.eu\/de\/\",\"name\":\"Inovaa\",\"description\":\"\",\"publisher\":{\"@id\":\"https:\/\/inovaa.eu\/de\/#organization\"},\"potentialAction\":[{\"@type\":\"SearchAction\",\"target\":{\"@type\":\"EntryPoint\",\"urlTemplate\":\"https:\/\/inovaa.eu\/de\/?s={search_term_string}\"},\"query-input\":{\"@type\":\"PropertyValueSpecification\",\"valueRequired\":true,\"valueName\":\"search_term_string\"}}],\"inLanguage\":\"de\"},{\"@type\":\"Organization\",\"@id\":\"https:\/\/inovaa.eu\/de\/#organization\",\"name\":\"Inovaa\",\"url\":\"https:\/\/inovaa.eu\/de\/\",\"logo\":{\"@type\":\"ImageObject\",\"inLanguage\":\"de\",\"@id\":\"https:\/\/inovaa.eu\/de\/#\/schema\/logo\/image\/\",\"url\":\"https:\/\/inovaa.eu\/de\/wp-content\/uploads\/sites\/3\/2020\/06\/cropped-inovaa-logo-cropped-transparent-1.png\",\"contentUrl\":\"https:\/\/inovaa.eu\/de\/wp-content\/uploads\/sites\/3\/2020\/06\/cropped-inovaa-logo-cropped-transparent-1.png\",\"width\":770,\"height\":189,\"caption\":\"Inovaa\"},\"image\":{\"@id\":\"https:\/\/inovaa.eu\/de\/#\/schema\/logo\/image\/\"}}]}<\/script>\n<!-- \/ Yoast SEO Premium plugin. -->","yoast_head_json":{"title":"Unsere Geschichte - Inovaa","description":"Samen met Uniekum en Wevano ontwikkelden we de optische sorteermachine voor pootaardappelen. De machine helpt tientallen boeren om hun pootgoed te sorteren.","robots":{"index":"index","follow":"follow","max-snippet":"max-snippet:-1","max-image-preview":"max-image-preview:large","max-video-preview":"max-video-preview:-1"},"canonical":"https:\/\/inovaa.eu\/de\/unsere-geschichte\/","og_locale":"de_DE","og_type":"article","og_title":"Unsere Geschichte","og_description":"Samen met Uniekum en Wevano ontwikkelden we de optische sorteermachine voor pootaardappelen. De machine helpt tientallen boeren om hun pootgoed te sorteren.","og_url":"https:\/\/inovaa.eu\/de\/unsere-geschichte\/","og_site_name":"Inovaa","article_modified_time":"2026-02-09T15:07:36+00:00","og_image":[{"url":"https:\/\/inovaa.eu\/de\/wp-content\/uploads\/sites\/3\/2020\/07\/Marnix.jpg","type":"","width":"","height":""}],"twitter_card":"summary_large_image","twitter_misc":{"Gesch\u00e4tzte Lesezeit":"1\u00a0Minute"},"schema":{"@context":"https:\/\/schema.org","@graph":[{"@type":"WebPage","@id":"https:\/\/inovaa.eu\/de\/unsere-geschichte\/","url":"https:\/\/inovaa.eu\/de\/unsere-geschichte\/","name":"Unsere Geschichte - Inovaa","isPartOf":{"@id":"https:\/\/inovaa.eu\/de\/#website"},"primaryImageOfPage":{"@id":"https:\/\/inovaa.eu\/de\/unsere-geschichte\/#primaryimage"},"image":{"@id":"https:\/\/inovaa.eu\/de\/unsere-geschichte\/#primaryimage"},"thumbnailUrl":"https:\/\/inovaa.eu\/de\/wp-content\/uploads\/sites\/3\/2020\/07\/Marnix.jpg","datePublished":"2020-07-29T10:20:29+00:00","dateModified":"2026-02-09T15:07:36+00:00","description":"Samen met Uniekum en Wevano ontwikkelden we de optische sorteermachine voor pootaardappelen. De machine helpt tientallen boeren om hun pootgoed te sorteren.","breadcrumb":{"@id":"https:\/\/inovaa.eu\/de\/unsere-geschichte\/#breadcrumb"},"inLanguage":"de","potentialAction":[{"@type":"ReadAction","target":["https:\/\/inovaa.eu\/de\/unsere-geschichte\/"]}]},{"@type":"ImageObject","inLanguage":"de","@id":"https:\/\/inovaa.eu\/de\/unsere-geschichte\/#primaryimage","url":"https:\/\/inovaa.eu\/de\/wp-content\/uploads\/sites\/3\/2020\/07\/Marnix.jpg","contentUrl":"https:\/\/inovaa.eu\/de\/wp-content\/uploads\/sites\/3\/2020\/07\/Marnix.jpg","width":300,"height":300},{"@type":"BreadcrumbList","@id":"https:\/\/inovaa.eu\/de\/unsere-geschichte\/#breadcrumb","itemListElement":[{"@type":"ListItem","position":1,"name":"Home","item":"https:\/\/inovaa.eu\/de\/"},{"@type":"ListItem","position":2,"name":"Unsere Geschichte"}]},{"@type":"WebSite","@id":"https:\/\/inovaa.eu\/de\/#website","url":"https:\/\/inovaa.eu\/de\/","name":"Inovaa","description":"","publisher":{"@id":"https:\/\/inovaa.eu\/de\/#organization"},"potentialAction":[{"@type":"SearchAction","target":{"@type":"EntryPoint","urlTemplate":"https:\/\/inovaa.eu\/de\/?s={search_term_string}"},"query-input":{"@type":"PropertyValueSpecification","valueRequired":true,"valueName":"search_term_string"}}],"inLanguage":"de"},{"@type":"Organization","@id":"https:\/\/inovaa.eu\/de\/#organization","name":"Inovaa","url":"https:\/\/inovaa.eu\/de\/","logo":{"@type":"ImageObject","inLanguage":"de","@id":"https:\/\/inovaa.eu\/de\/#\/schema\/logo\/image\/","url":"https:\/\/inovaa.eu\/de\/wp-content\/uploads\/sites\/3\/2020\/06\/cropped-inovaa-logo-cropped-transparent-1.png","contentUrl":"https:\/\/inovaa.eu\/de\/wp-content\/uploads\/sites\/3\/2020\/06\/cropped-inovaa-logo-cropped-transparent-1.png","width":770,"height":189,"caption":"Inovaa"},"image":{"@id":"https:\/\/inovaa.eu\/de\/#\/schema\/logo\/image\/"}}]}},"_links":{"self":[{"href":"https:\/\/inovaa.eu\/de\/wp-json\/wp\/v2\/pages\/270","targetHints":{"allow":["GET"]}}],"collection":[{"href":"https:\/\/inovaa.eu\/de\/wp-json\/wp\/v2\/pages"}],"about":[{"href":"https:\/\/inovaa.eu\/de\/wp-json\/wp\/v2\/types\/page"}],"author":[{"embeddable":true,"href":"https:\/\/inovaa.eu\/de\/wp-json\/wp\/v2\/users\/2"}],"replies":[{"embeddable":true,"href":"https:\/\/inovaa.eu\/de\/wp-json\/wp\/v2\/comments?post=270"}],"version-history":[{"count":54,"href":"https:\/\/inovaa.eu\/de\/wp-json\/wp\/v2\/pages\/270\/revisions"}],"predecessor-version":[{"id":1155,"href":"https:\/\/inovaa.eu\/de\/wp-json\/wp\/v2\/pages\/270\/revisions\/1155"}],"wp:attachment":[{"href":"https:\/\/inovaa.eu\/de\/wp-json\/wp\/v2\/media?parent=270"}],"curies":[{"name":"wp","href":"https:\/\/api.w.org\/{rel}","templated":true}]}}